{"id":585,"date":"2023-03-27T14:23:12","date_gmt":"2023-03-27T13:23:12","guid":{"rendered":"https:\/\/ecole-stjoseph-fresnay.fr\/?page_id=585"},"modified":"2023-03-27T13:23:46","modified_gmt":"2023-03-27T12:23:46","slug":"visite-du-college","status":"publish","type":"page","link":"https:\/\/ecole-stjoseph-fresnay.fr\/?page_id=585","title":{"rendered":"Visite du coll\u00e8ge"},"content":{"rendered":"<p>Durant le mois de janvier, les \u00e9l\u00e8ves de CM2 vont au coll\u00e8ge Saint Joseph de Machecoul pour vivre une journ\u00e9e de d\u00e9couverte qui les aidera \u00e0 pr\u00e9parer leur rentr\u00e9e en sixi\u00e8me. Tout au long de la journ\u00e9e, ils ont \u00e9t\u00e9 accompagn\u00e9s par un repr\u00e9sentant du coll\u00e8ge (adjoint ou professeur). A leur arriv\u00e9e, ils sont accueillis avec un petit d\u00e9jeuner. Ils visitent ensuite les locaux (classes, CDI, self&#8230;), participent \u00e0 des ateliers de sciences et\/ou de technologie et ils d\u00e9couvrent l&#8217;emploi du temps d&#8217;un \u00e9l\u00e8ve de sixi\u00e8me.<\/p>\n<p>C&#8217;est \u00e9galement l&#8217;occasion de retrouver les anciens \u00e9l\u00e8ves de l&#8217;\u00e9cole et d&#8217;appr\u00e9hender cette vaste cour de r\u00e9cr\u00e9ation.<\/p>\n<p>Une journ\u00e9e riche en \u00e9motions<\/p>\n<p>&nbsp;<\/p>\n<p><img loading=\"lazy\" decoding=\"async\" class=\"alignnone size-medium wp-image-1788\" src=\"https:\/\/ecole-stjoseph-fresnay.fr\/wp-content\/uploads\/2023\/03\/saintjoseph-machecoul.paysdelaloire-212-1024x234-1-300x69.jpg\" alt=\"\" width=\"300\" height=\"69\" srcset=\"https:\/\/ecole-stjoseph-fresnay.fr\/wp-content\/uploads\/2023\/03\/saintjoseph-machecoul.paysdelaloire-212-1024x234-1-300x69.jpg 300w, https:\/\/ecole-stjoseph-fresnay.fr\/wp-content\/uploads\/2023\/03\/saintjoseph-machecoul.paysdelaloire-212-1024x234-1-768x176.jpg 768w, https:\/\/ecole-stjoseph-fresnay.fr\/wp-content\/uploads\/2023\/03\/saintjoseph-machecoul.paysdelaloire-212-1024x234-1.jpg 1024w\" sizes=\"auto, (max-width: 300px) 100vw, 300px\" \/><\/p>\n<p>&nbsp;<\/p>\n","protected":false},"excerpt":{"rendered":"<p>Durant le mois de janvier, les \u00e9l\u00e8ves de CM2 vont au coll\u00e8ge Saint Joseph de Machecoul pour vivre une journ\u00e9e de d\u00e9couverte qui les aidera \u00e0 pr\u00e9parer leur rentr\u00e9e en sixi\u00e8me. Tout au long de la journ\u00e9e, ils ont \u00e9t\u00e9 accompagn\u00e9s par un repr\u00e9sentant du coll\u00e8ge (adjoint ou professeur). A leur arriv\u00e9e, ils sont accueillis&hellip; <br \/> <a class=\"read-more\" href=\"https:\/\/ecole-stjoseph-fresnay.fr\/?page_id=585\">Lire la suite<\/a><\/p>\n","protected":false},"author":2,"featured_media":0,"parent":0,"menu_order":0,"comment_status":"closed","ping_status":"closed","template":"","meta":{"ngg_post_thumbnail":0,"footnotes":""},"class_list":["post-585","page","type-page","status-publish","hentry"],"_links":{"self":[{"href":"https:\/\/ecole-stjoseph-fresnay.fr\/index.php?rest_route=\/wp\/v2\/pages\/585","targetHints":{"allow":["GET"]}}],"collection":[{"href":"https:\/\/ecole-stjoseph-fresnay.fr\/index.php?rest_route=\/wp\/v2\/pages"}],"about":[{"href":"https:\/\/ecole-stjoseph-fresnay.fr\/index.php?rest_route=\/wp\/v2\/types\/page"}],"author":[{"embeddable":true,"href":"https:\/\/ecole-stjoseph-fresnay.fr\/index.php?rest_route=\/wp\/v2\/users\/2"}],"replies":[{"embeddable":true,"href":"https:\/\/ecole-stjoseph-fresnay.fr\/index.php?rest_route=%2Fwp%2Fv2%2Fcomments&post=585"}],"version-history":[{"count":3,"href":"https:\/\/ecole-stjoseph-fresnay.fr\/index.php?rest_route=\/wp\/v2\/pages\/585\/revisions"}],"predecessor-version":[{"id":1789,"href":"https:\/\/ecole-stjoseph-fresnay.fr\/index.php?rest_route=\/wp\/v2\/pages\/585\/revisions\/1789"}],"wp:attachment":[{"href":"https:\/\/ecole-stjoseph-fresnay.fr\/index.php?rest_route=%2Fwp%2Fv2%2Fmedia&parent=585"}],"curies":[{"name":"wp","href":"https:\/\/api.w.org\/{rel}","templated":true}]}}