{"id":346,"date":"2016-05-13T14:51:11","date_gmt":"2016-05-13T13:51:11","guid":{"rendered":"https:\/\/ecole-stjoseph-fresnay.fr\/?page_id=346"},"modified":"2024-12-17T17:33:50","modified_gmt":"2024-12-17T16:33:50","slug":"location-de-materiel","status":"publish","type":"page","link":"https:\/\/ecole-stjoseph-fresnay.fr\/?page_id=346","title":{"rendered":"Location de mat\u00e9riel"},"content":{"rendered":"<p>En partenariat avec le comit\u00e9 des f\u00eates, l&#8217;\u00e9cole propose du mat\u00e9riel en location pour vos \u00e9v\u00e8nements festifs.<\/p>\n<p>Pour tout renseignement et information sur les tarifs des cautions voici la personne \u00e0 contacter: Yoann Rousseau 06.62.19.45.98<\/p>\n<p>OFFRE DE LOCATION:<br \/>\n&#8211; table (8 \u00e0 10 personnes) = 2\u20ac<br \/>\n&#8211; chaise = 1\u20ac<br \/>\n&#8211; banc = 1\u20ac50<br \/>\n&#8211; mange-debout = 4\u20ac<br \/>\n&#8211; stand 3&#215;3 ou 3&#215;6 ou 3&#215;9 entre 15\u20ac et 25\u20ac<br \/>\n&#8211; stand 5&#215;10 = 80\u20ac<br \/>\n&#8211; machine \u00e0 pop-corn = 30\u20ac<br \/>\n&#8211; machine \u00e0 barbe \u00e0 papa = 30\u20ac<br \/>\n&#8211; plancha \u00e0 gaz = 25\u20ac<br \/>\n&#8211; friteuse 2 bacs = 15\u20ac<br \/>\n&#8211; lot de 80 verres 25cl = 10\u20ac<br \/>\n&#8211; lot de 96 verres \u00e0 pied = 20\u20ac<br \/>\n&#8211; percolateur = 15\u20ac<\/p>\n","protected":false},"excerpt":{"rendered":"<p>En partenariat avec le comit\u00e9 des f\u00eates, l&#8217;\u00e9cole propose du mat\u00e9riel en location pour vos \u00e9v\u00e8nements festifs. Pour tout renseignement et information sur les tarifs des cautions voici la personne \u00e0 contacter: Yoann Rousseau 06.62.19.45.98 OFFRE DE LOCATION: &#8211; table (8 \u00e0 10 personnes) = 2\u20ac &#8211; chaise = 1\u20ac &#8211; banc = 1\u20ac50 &#8211;&hellip; <br \/> <a class=\"read-more\" href=\"https:\/\/ecole-stjoseph-fresnay.fr\/?page_id=346\">Lire la suite<\/a><\/p>\n","protected":false},"author":2,"featured_media":0,"parent":0,"menu_order":0,"comment_status":"closed","ping_status":"closed","template":"","meta":{"ngg_post_thumbnail":0,"footnotes":""},"class_list":["post-346","page","type-page","status-publish","hentry"],"_links":{"self":[{"href":"https:\/\/ecole-stjoseph-fresnay.fr\/index.php?rest_route=\/wp\/v2\/pages\/346","targetHints":{"allow":["GET"]}}],"collection":[{"href":"https:\/\/ecole-stjoseph-fresnay.fr\/index.php?rest_route=\/wp\/v2\/pages"}],"about":[{"href":"https:\/\/ecole-stjoseph-fresnay.fr\/index.php?rest_route=\/wp\/v2\/types\/page"}],"author":[{"embeddable":true,"href":"https:\/\/ecole-stjoseph-fresnay.fr\/index.php?rest_route=\/wp\/v2\/users\/2"}],"replies":[{"embeddable":true,"href":"https:\/\/ecole-stjoseph-fresnay.fr\/index.php?rest_route=%2Fwp%2Fv2%2Fcomments&post=346"}],"version-history":[{"count":8,"href":"https:\/\/ecole-stjoseph-fresnay.fr\/index.php?rest_route=\/wp\/v2\/pages\/346\/revisions"}],"predecessor-version":[{"id":1978,"href":"https:\/\/ecole-stjoseph-fresnay.fr\/index.php?rest_route=\/wp\/v2\/pages\/346\/revisions\/1978"}],"wp:attachment":[{"href":"https:\/\/ecole-stjoseph-fresnay.fr\/index.php?rest_route=%2Fwp%2Fv2%2Fmedia&parent=346"}],"curies":[{"name":"wp","href":"https:\/\/api.w.org\/{rel}","templated":true}]}}