{"id":308,"date":"2016-01-29T11:46:27","date_gmt":"2016-01-29T10:46:27","guid":{"rendered":"https:\/\/ecole-stjoseph-fresnay.fr\/?page_id=308"},"modified":"2026-02-11T15:41:39","modified_gmt":"2026-02-11T14:41:39","slug":"formulaire-renseignement-eleve","status":"publish","type":"page","link":"https:\/\/ecole-stjoseph-fresnay.fr\/?page_id=308","title":{"rendered":"Formulaire renseignements \u00e9l\u00e8ve"},"content":{"rendered":"<p>Pour finaliser l&#8217;inscription de votre enfant. Veuillez cliquer sur le lien ci-dessous. Vous acc\u00e9derez \u00e0 un formulaire microsoft forms que vous devrez compl\u00e9ter en ligne. Ce formulaire servira de base pour cr\u00e9er les fiches de renseignements et d&#8217;urgence pour votre enfant.&nbsp;<\/p>\n<p>Formulaire pour l&#8217;ann\u00e9e 2026-2027<\/p>\n<p><a href=\"https:\/\/forms.office.com\/e\/izu5rnnjNd\">Rentr\u00e9e 2026 &#8211; Fiche de renseignements &#8211; Ecole Saint Joseph &#8211; Fresnay en Retz&nbsp; &#8211; Villeneuve \u2013 Remplir le formulaire<\/a><\/p>\n<p>Formulaire pour l&#8217;ann\u00e9e 2025-2026<br \/>\n<iframe loading=\"lazy\" style=\"border: none; max-width: 100%; max-height: 100vh;\" src=\"https:\/\/forms.office.com\/e\/g8Nduh0Urh?embed=true\" width=\"640px\" height=\"480px\" frameborder=\"0\" marginwidth=\"0\" marginheight=\"0\" allowfullscreen=\"allowfullscreen\"> <\/iframe><\/p>\n<p>&nbsp;<\/p>\n<p>&nbsp;<\/p>\n","protected":false},"excerpt":{"rendered":"<p>Pour finaliser l&#8217;inscription de votre enfant. Veuillez cliquer sur le lien ci-dessous. Vous acc\u00e9derez \u00e0 un formulaire microsoft forms que vous devrez compl\u00e9ter en ligne. Ce formulaire servira de base pour cr\u00e9er les fiches de renseignements et d&#8217;urgence pour votre enfant.&nbsp; Formulaire pour l&#8217;ann\u00e9e 2026-2027 Rentr\u00e9e 2026 &#8211; Fiche de renseignements &#8211; Ecole Saint Joseph&hellip; <br \/> <a class=\"read-more\" href=\"https:\/\/ecole-stjoseph-fresnay.fr\/?page_id=308\">Lire la suite<\/a><\/p>\n","protected":false},"author":2,"featured_media":0,"parent":0,"menu_order":0,"comment_status":"closed","ping_status":"closed","template":"","meta":{"ngg_post_thumbnail":0,"footnotes":""},"class_list":["post-308","page","type-page","status-publish","hentry"],"_links":{"self":[{"href":"https:\/\/ecole-stjoseph-fresnay.fr\/index.php?rest_route=\/wp\/v2\/pages\/308","targetHints":{"allow":["GET"]}}],"collection":[{"href":"https:\/\/ecole-stjoseph-fresnay.fr\/index.php?rest_route=\/wp\/v2\/pages"}],"about":[{"href":"https:\/\/ecole-stjoseph-fresnay.fr\/index.php?rest_route=\/wp\/v2\/types\/page"}],"author":[{"embeddable":true,"href":"https:\/\/ecole-stjoseph-fresnay.fr\/index.php?rest_route=\/wp\/v2\/users\/2"}],"replies":[{"embeddable":true,"href":"https:\/\/ecole-stjoseph-fresnay.fr\/index.php?rest_route=%2Fwp%2Fv2%2Fcomments&post=308"}],"version-history":[{"count":23,"href":"https:\/\/ecole-stjoseph-fresnay.fr\/index.php?rest_route=\/wp\/v2\/pages\/308\/revisions"}],"predecessor-version":[{"id":2020,"href":"https:\/\/ecole-stjoseph-fresnay.fr\/index.php?rest_route=\/wp\/v2\/pages\/308\/revisions\/2020"}],"wp:attachment":[{"href":"https:\/\/ecole-stjoseph-fresnay.fr\/index.php?rest_route=%2Fwp%2Fv2%2Fmedia&parent=308"}],"curies":[{"name":"wp","href":"https:\/\/api.w.org\/{rel}","templated":true}]}}