{"id":206,"date":"2015-11-04T15:14:11","date_gmt":"2015-11-04T14:14:11","guid":{"rendered":"https:\/\/ecole-stjoseph-fresnay.fr\/?page_id=206"},"modified":"2025-10-01T10:59:08","modified_gmt":"2025-10-01T09:59:08","slug":"bibliotheque","status":"publish","type":"page","link":"https:\/\/ecole-stjoseph-fresnay.fr\/?page_id=206","title":{"rendered":"Biblioth\u00e8que"},"content":{"rendered":"ngg_shortcode_0_placeholder\n<h3 style=\"text-align: center;\"><span style=\"color: #800080;\">Un lundi par mois, chaque classe se rend \u00e0 la biblioth\u00e8que municipale. Les \u00e9l\u00e8ves sont accueillis avec le sourire par des b\u00e9n\u00e9voles. Ils peuvent emprunter des livres pour les consulter en classe.<\/span><\/h3>\n","protected":false},"excerpt":{"rendered":"<p>Un lundi par mois, chaque classe se rend \u00e0 la biblioth\u00e8que municipale. Les \u00e9l\u00e8ves sont accueillis avec le sourire par des b\u00e9n\u00e9voles. Ils peuvent emprunter des livres pour les consulter en classe.<\/p>\n","protected":false},"author":2,"featured_media":0,"parent":0,"menu_order":0,"comment_status":"closed","ping_status":"closed","template":"","meta":{"ngg_post_thumbnail":0,"footnotes":""},"class_list":["post-206","page","type-page","status-publish","hentry"],"_links":{"self":[{"href":"https:\/\/ecole-stjoseph-fresnay.fr\/index.php?rest_route=\/wp\/v2\/pages\/206","targetHints":{"allow":["GET"]}}],"collection":[{"href":"https:\/\/ecole-stjoseph-fresnay.fr\/index.php?rest_route=\/wp\/v2\/pages"}],"about":[{"href":"https:\/\/ecole-stjoseph-fresnay.fr\/index.php?rest_route=\/wp\/v2\/types\/page"}],"author":[{"embeddable":true,"href":"https:\/\/ecole-stjoseph-fresnay.fr\/index.php?rest_route=\/wp\/v2\/users\/2"}],"replies":[{"embeddable":true,"href":"https:\/\/ecole-stjoseph-fresnay.fr\/index.php?rest_route=%2Fwp%2Fv2%2Fcomments&post=206"}],"version-history":[{"count":8,"href":"https:\/\/ecole-stjoseph-fresnay.fr\/index.php?rest_route=\/wp\/v2\/pages\/206\/revisions"}],"predecessor-version":[{"id":1996,"href":"https:\/\/ecole-stjoseph-fresnay.fr\/index.php?rest_route=\/wp\/v2\/pages\/206\/revisions\/1996"}],"wp:attachment":[{"href":"https:\/\/ecole-stjoseph-fresnay.fr\/index.php?rest_route=%2Fwp%2Fv2%2Fmedia&parent=206"}],"curies":[{"name":"wp","href":"https:\/\/api.w.org\/{rel}","templated":true}]}}