{"id":202,"date":"2015-11-04T14:58:42","date_gmt":"2015-11-04T13:58:42","guid":{"rendered":"https:\/\/ecole-stjoseph-fresnay.fr\/?page_id=202"},"modified":"2025-10-08T10:04:47","modified_gmt":"2025-10-08T09:04:47","slug":"natation","status":"publish","type":"page","link":"https:\/\/ecole-stjoseph-fresnay.fr\/?page_id=202","title":{"rendered":"Natation"},"content":{"rendered":"<p><a href=\"https:\/\/ecole-stjoseph-fresnay.fr\/wp-content\/uploads\/2015\/11\/WP_20151103_001.jpg\"><img decoding=\"async\" class=\"alignnone size-full wp-image-2011\" src=\"https:\/\/ecole-stjoseph-fresnay.fr\/wp-content\/uploads\/2025\/10\/IMG_2443.heic\" alt=\"\"><\/a><br \/>\n<span style=\"color: #000000;\">Dans le cadre de l&#8217;\u00e9ducation physique et sportive, chaque ann\u00e9e, des s\u00e9ances de natation sont dispens\u00e9es aux \u00e9l\u00e8ves \u00e0 partir de la Grande Section jusqu&#8217;au Cm2.&nbsp;<\/span><\/p>\n<p><span style=\"color: #000000;\">Les cours sont encadr\u00e9s par les enseignants, les ma\u00eetres nageurs et des parents accompagnateurs.<\/span><\/p>\n<p><span style=\"color: #000000;\">Les parents qui souhaitent accompagner lors des s\u00e9ances de piscine devront passer un test d&#8217;aptitude pour obtenir l&#8217;agr\u00e9ment :<\/span><\/p>\n<ul>\n<li><span style=\"color: #000000;\">une travers\u00e9e du bassin (25 m) en moyenne profondeur<\/span><\/li>\n<li><span style=\"color: #000000;\">une recherche d&#8217;objet par 1m80 de profondeur<\/span><\/li>\n<\/ul>\n<p><span style=\"color: #000000;\">Le test d&#8217;aptitude est valable 5&nbsp;ans, merci d&#8217;informer l&#8217;enseignant de votre enfant si vous le poss\u00e9dez (une copie sera conserv\u00e9e \u00e0 l&#8217;\u00e9cole)<\/span><br \/>\n<span style=\"color: #000000;\">Ce test se fait en accord avec le chef de bassin et le directeur de l&#8217;\u00e9tablissement scolaire.<\/span><\/p>\n","protected":false},"excerpt":{"rendered":"<p>Dans le cadre de l&#8217;\u00e9ducation physique et sportive, chaque ann\u00e9e, des s\u00e9ances de natation sont dispens\u00e9es aux \u00e9l\u00e8ves \u00e0 partir de la Grande Section jusqu&#8217;au Cm2.&nbsp; Les cours sont encadr\u00e9s par les enseignants, les ma\u00eetres nageurs et des parents accompagnateurs. Les parents qui souhaitent accompagner lors des s\u00e9ances de piscine devront passer un test d&#8217;aptitude&hellip; <br \/> <a class=\"read-more\" href=\"https:\/\/ecole-stjoseph-fresnay.fr\/?page_id=202\">Lire la suite<\/a><\/p>\n","protected":false},"author":2,"featured_media":0,"parent":0,"menu_order":0,"comment_status":"closed","ping_status":"closed","template":"","meta":{"ngg_post_thumbnail":0,"footnotes":""},"class_list":["post-202","page","type-page","status-publish","hentry"],"_links":{"self":[{"href":"https:\/\/ecole-stjoseph-fresnay.fr\/index.php?rest_route=\/wp\/v2\/pages\/202","targetHints":{"allow":["GET"]}}],"collection":[{"href":"https:\/\/ecole-stjoseph-fresnay.fr\/index.php?rest_route=\/wp\/v2\/pages"}],"about":[{"href":"https:\/\/ecole-stjoseph-fresnay.fr\/index.php?rest_route=\/wp\/v2\/types\/page"}],"author":[{"embeddable":true,"href":"https:\/\/ecole-stjoseph-fresnay.fr\/index.php?rest_route=\/wp\/v2\/users\/2"}],"replies":[{"embeddable":true,"href":"https:\/\/ecole-stjoseph-fresnay.fr\/index.php?rest_route=%2Fwp%2Fv2%2Fcomments&post=202"}],"version-history":[{"count":4,"href":"https:\/\/ecole-stjoseph-fresnay.fr\/index.php?rest_route=\/wp\/v2\/pages\/202\/revisions"}],"predecessor-version":[{"id":2012,"href":"https:\/\/ecole-stjoseph-fresnay.fr\/index.php?rest_route=\/wp\/v2\/pages\/202\/revisions\/2012"}],"wp:attachment":[{"href":"https:\/\/ecole-stjoseph-fresnay.fr\/index.php?rest_route=%2Fwp%2Fv2%2Fmedia&parent=202"}],"curies":[{"name":"wp","href":"https:\/\/api.w.org\/{rel}","templated":true}]}}