{"id":2005,"date":"2025-10-01T11:18:22","date_gmt":"2025-10-01T10:18:22","guid":{"rendered":"https:\/\/ecole-stjoseph-fresnay.fr\/?page_id=2005"},"modified":"2025-10-08T10:05:45","modified_gmt":"2025-10-08T09:05:45","slug":"world-clean-up-day","status":"publish","type":"page","link":"https:\/\/ecole-stjoseph-fresnay.fr\/?page_id=2005","title":{"rendered":"World Clean Up Day !"},"content":{"rendered":"<p><img decoding=\"async\" class=\"alignnone size-full wp-image-2010\" src=\"https:\/\/ecole-stjoseph-fresnay.fr\/wp-content\/uploads\/2025\/10\/IMG_2386.heic\" alt=\"\">Le vendredi 19 septembre, les \u00e9l\u00e8ves de la GS au CM2 ont particip\u00e9 au World Clean up Day (Nettoyons la nature), propos\u00e9 par la mairie. Chaque ann\u00e9e, les \u00e9l\u00e8ves ont un parcours \u00e0 suivre afin de ramasser les d\u00e9chets pr\u00e9sents sur la commune. Ils n&#8217;ont pas trouv\u00e9 beaucoup de d\u00e9chets, ils ont donc pu conclure que la commune \u00e9tait plut\u00f4t propre. Chaque \u00e9l\u00e8ve a re\u00e7u un dipl\u00f4me attestant sa participation \u00e0 ce moment.&nbsp;<\/p>\n","protected":false},"excerpt":{"rendered":"<p>Le vendredi 19 septembre, les \u00e9l\u00e8ves de la GS au CM2 ont particip\u00e9 au World Clean up Day (Nettoyons la nature), propos\u00e9 par la mairie. Chaque ann\u00e9e, les \u00e9l\u00e8ves ont un parcours \u00e0 suivre afin de ramasser les d\u00e9chets pr\u00e9sents sur la commune. Ils n&#8217;ont pas trouv\u00e9 beaucoup de d\u00e9chets, ils ont donc pu conclure&hellip; <br \/> <a class=\"read-more\" href=\"https:\/\/ecole-stjoseph-fresnay.fr\/?page_id=2005\">Lire la suite<\/a><\/p>\n","protected":false},"author":2,"featured_media":0,"parent":0,"menu_order":0,"comment_status":"closed","ping_status":"closed","template":"","meta":{"ngg_post_thumbnail":0,"footnotes":""},"class_list":["post-2005","page","type-page","status-publish","hentry"],"_links":{"self":[{"href":"https:\/\/ecole-stjoseph-fresnay.fr\/index.php?rest_route=\/wp\/v2\/pages\/2005","targetHints":{"allow":["GET"]}}],"collection":[{"href":"https:\/\/ecole-stjoseph-fresnay.fr\/index.php?rest_route=\/wp\/v2\/pages"}],"about":[{"href":"https:\/\/ecole-stjoseph-fresnay.fr\/index.php?rest_route=\/wp\/v2\/types\/page"}],"author":[{"embeddable":true,"href":"https:\/\/ecole-stjoseph-fresnay.fr\/index.php?rest_route=\/wp\/v2\/users\/2"}],"replies":[{"embeddable":true,"href":"https:\/\/ecole-stjoseph-fresnay.fr\/index.php?rest_route=%2Fwp%2Fv2%2Fcomments&post=2005"}],"version-history":[{"count":2,"href":"https:\/\/ecole-stjoseph-fresnay.fr\/index.php?rest_route=\/wp\/v2\/pages\/2005\/revisions"}],"predecessor-version":[{"id":2013,"href":"https:\/\/ecole-stjoseph-fresnay.fr\/index.php?rest_route=\/wp\/v2\/pages\/2005\/revisions\/2013"}],"wp:attachment":[{"href":"https:\/\/ecole-stjoseph-fresnay.fr\/index.php?rest_route=%2Fwp%2Fv2%2Fmedia&parent=2005"}],"curies":[{"name":"wp","href":"https:\/\/api.w.org\/{rel}","templated":true}]}}