{"id":181,"date":"2022-08-28T09:33:17","date_gmt":"2022-08-28T08:33:17","guid":{"rendered":"https:\/\/ecole-stjoseph-fresnay.fr\/?page_id=181"},"modified":"2026-02-11T15:46:51","modified_gmt":"2026-02-11T14:46:51","slug":"inscriptions","status":"publish","type":"page","link":"https:\/\/ecole-stjoseph-fresnay.fr\/?page_id=181","title":{"rendered":"Inscriptions"},"content":{"rendered":"<p><span style=\"color: #333399;\">&nbsp;<\/span><span style=\"color: #4294a8;\">&nbsp; &nbsp; &nbsp; &nbsp; &nbsp; &nbsp; &nbsp; &nbsp; &nbsp; &nbsp;<span style=\"text-decoration: underline;\"><strong><span style=\"color: #3366ff; text-decoration: underline;\"> Vous souhaitez inscrire votre enfant \u00e0 l&#8217;\u00e9cole Saint Joseph?<\/span><\/strong><\/span><br \/>\n<\/span><\/p>\n<p style=\"text-align: left;\"><span style=\"color: #3366ff;\">Prenez rendez-vous avec la directrice Mme Hervouet:<img loading=\"lazy\" decoding=\"async\" class=\"wp-image-180 alignleft\" src=\"https:\/\/ecole-stjoseph-fresnay.fr\/wp-content\/uploads\/2015\/10\/75f19e30-300x285.png\" alt=\"75f19e30\" width=\"113\" height=\"107\" srcset=\"https:\/\/ecole-stjoseph-fresnay.fr\/wp-content\/uploads\/2015\/10\/75f19e30-300x285.png 300w, https:\/\/ecole-stjoseph-fresnay.fr\/wp-content\/uploads\/2015\/10\/75f19e30.png 800w\" sizes=\"auto, (max-width: 113px) 100vw, 113px\" \/><\/span><\/p>\n<p style=\"text-align: left;\"><span style=\"color: #3366ff;\">\u2192&nbsp;par t\u00e9l\u00e9phone: 02.40.21.45.31<\/span><\/p>\n<p style=\"text-align: left;\"><span style=\"color: #3366ff;\">\u2192 par mail: &nbsp;ec.fresnay.st-joseph@ec44.fr<\/span><\/p>\n<p><span style=\"color: #3366ff;\">Cet entretien sera l&#8217;occasion de poser toutes vos questions, de visiter l&#8217;\u00e9cole et de prendre connaissance des projets en cours et de retirer le dossier d&#8217;inscription. Nous accueillons tous les \u00e9l\u00e8ves \u00e0 partir de la TPS.<\/span><\/p>\n<p><strong><span style=\"text-decoration: underline; color: #3366ff;\">Vous devrez vous munir:<\/span><\/strong><\/p>\n<ul>\n<li><span style=\"color: #3366ff;\">du livret de famille<br \/>\n<\/span><\/li>\n<li><span style=\"color: #3366ff;\">du carnet de sant\u00e9 de l&#8217;enfant (vaccins \u00e0 jour)<\/span><\/li>\n<\/ul>\n<p><em><span style=\"color: #3366ff;\">Pour les enfants d\u00e9j\u00e0 scolaris\u00e9s, l&#8217;inscription d\u00e9finitive ne sera effectu\u00e9e qu&#8217;\u00e0&nbsp;r\u00e9ception du certificat de radiation fourni par l&#8217;\u00e9cole pr\u00e9c\u00e9dente.<\/span><\/em><\/p>\n<p><span style=\"color: #3366ff;\">Pour que l&#8217;inscription de votre enfant soit d\u00e9finitive, il faut:<\/span><\/p>\n<ul>\n<li><span style=\"color: #3366ff;\">compl\u00e9ter puis retourner les documents distribu\u00e9s par la cheffe d&#8217;\u00e9tablissement.<\/span><\/li>\n<li><span style=\"color: #3366ff;\">compl\u00e9ter et valider le <strong>formulaire num\u00e9rique de renseignements ci-dessous.<\/strong><\/span><\/li>\n<\/ul>\n<p><span style=\"color: #3366ff;\">A partir de la rentr\u00e9e 2026, la formule de cotisation mise en place est la suivante. Chaque famille peut faire le choix de sa cotisation parmi les 3 propositions suivantes:<\/span><\/p>\n<p><span style=\"color: #3366ff;\">Tarif de base 30\u20ac\/mois\/\u00e9l\u00e8ve sur 11 mois soit 330\u20ac par an et par \u00e9l\u00e8ve<\/span><br \/>\n<span style=\"color: #3366ff;\">Tarif de solidarit\u00e9 32\u20ac\/mois\/\u00e9l\u00e8ve sur 11 mois soit 352\u20ac par an et par \u00e9l\u00e8ve<\/span><br \/>\n<span style=\"color: #3366ff;\">Tarif de g\u00e9n\u00e9rosit\u00e9 34\u20ac ou + \/mois\/\u00e9l\u00e8ve sur 11 mois soit 374\u20ac ou + par an et par \u00e9l\u00e8ve<\/span><\/p>\n<p><span style=\"color: #3366ff;\">Le paiement s&#8217;effectue par un pr\u00e9l\u00e8vement mensuel (dans la mesure du possible). De plus, ponctuellement dans l&#8217;ann\u00e9e, il sera demand\u00e9 aux familles diverses participations (achat du manuel pour l&#8217;enseignement religieux, sortie scolaire&#8230;)<br \/>\n<\/span><\/p>\n<p><span style=\"color: #008080;\">Pour finaliser l&#8217;inscription de votre enfant. Veuillez cliquer sur le lien ci-dessous. Vous acc\u00e9derez \u00e0 un formulaire microsoft forms que vous devrez compl\u00e9ter en ligne. Ce formulaire servira de base pour cr\u00e9er les fiches de renseignements et d&#8217;urgence pour votre enfant.&nbsp;<\/span><\/p>\n<p><span style=\"color: #008080;\">Formulaire pour l&#8217;ann\u00e9e 2026-2027<\/span><\/p>\n<p><a href=\"https:\/\/forms.office.com\/Pages\/ResponsePage.aspx?id=Xze883xzVU-x0JII0yeSzV9yqQfwa4NPgrVpe-w2A9VUMFlCUlY0NllHWUxBSlpPVFVIRDFUVzdFUy4u\">Rentr\u00e9e 2026 &#8211; Fiche de renseignements &#8211; Ecole Saint Joseph &#8211; Fresnay en Retz&nbsp; &#8211; Villeneuve \u2013 Remplir le formulaire<\/a><\/p>\n<p><span style=\"color: #008080;\">Formulaire pour l&#8217;ann\u00e9e 2025-2026<\/span><\/p>\n<p><iframe loading=\"lazy\" style=\"border: none; max-width: 100%; max-height: 100vh;\" src=\"https:\/\/forms.office.com\/e\/g8Nduh0Urh?embed=true\" width=\"640px\" height=\"480px\" frameborder=\"0\" marginwidth=\"0\" marginheight=\"0\" allowfullscreen=\"allowfullscreen\"> <\/iframe><\/p>\n","protected":false},"excerpt":{"rendered":"<p>&nbsp;&nbsp; &nbsp; &nbsp; &nbsp; &nbsp; &nbsp; &nbsp; &nbsp; &nbsp; &nbsp; Vous souhaitez inscrire votre enfant \u00e0 l&#8217;\u00e9cole Saint Joseph? Prenez rendez-vous avec la directrice Mme Hervouet: \u2192&nbsp;par t\u00e9l\u00e9phone: 02.40.21.45.31 \u2192 par mail: &nbsp;ec.fresnay.st-joseph@ec44.fr Cet entretien sera l&#8217;occasion de poser toutes vos questions, de visiter l&#8217;\u00e9cole et de prendre connaissance des projets en cours et de&hellip; <br \/> <a class=\"read-more\" href=\"https:\/\/ecole-stjoseph-fresnay.fr\/?page_id=181\">Lire la suite<\/a><\/p>\n","protected":false},"author":2,"featured_media":0,"parent":0,"menu_order":0,"comment_status":"closed","ping_status":"closed","template":"","meta":{"ngg_post_thumbnail":0,"footnotes":""},"class_list":["post-181","page","type-page","status-publish","hentry"],"_links":{"self":[{"href":"https:\/\/ecole-stjoseph-fresnay.fr\/index.php?rest_route=\/wp\/v2\/pages\/181","targetHints":{"allow":["GET"]}}],"collection":[{"href":"https:\/\/ecole-stjoseph-fresnay.fr\/index.php?rest_route=\/wp\/v2\/pages"}],"about":[{"href":"https:\/\/ecole-stjoseph-fresnay.fr\/index.php?rest_route=\/wp\/v2\/types\/page"}],"author":[{"embeddable":true,"href":"https:\/\/ecole-stjoseph-fresnay.fr\/index.php?rest_route=\/wp\/v2\/users\/2"}],"replies":[{"embeddable":true,"href":"https:\/\/ecole-stjoseph-fresnay.fr\/index.php?rest_route=%2Fwp%2Fv2%2Fcomments&post=181"}],"version-history":[{"count":36,"href":"https:\/\/ecole-stjoseph-fresnay.fr\/index.php?rest_route=\/wp\/v2\/pages\/181\/revisions"}],"predecessor-version":[{"id":2023,"href":"https:\/\/ecole-stjoseph-fresnay.fr\/index.php?rest_route=\/wp\/v2\/pages\/181\/revisions\/2023"}],"wp:attachment":[{"href":"https:\/\/ecole-stjoseph-fresnay.fr\/index.php?rest_route=%2Fwp%2Fv2%2Fmedia&parent=181"}],"curies":[{"name":"wp","href":"https:\/\/api.w.org\/{rel}","templated":true}]}}