{"id":1804,"date":"2023-03-27T14:21:22","date_gmt":"2023-03-27T13:21:22","guid":{"rendered":"https:\/\/ecole-stjoseph-fresnay.fr\/?page_id=1804"},"modified":"2025-10-01T10:55:53","modified_gmt":"2025-10-01T09:55:53","slug":"lequipe-educative","status":"publish","type":"page","link":"https:\/\/ecole-stjoseph-fresnay.fr\/?page_id=1804","title":{"rendered":"L&#8217;\u00e9quipe \u00e9ducative"},"content":{"rendered":"\n<li>Classe de TPS\/PS\/MS\/GS: Ninon Postal assist\u00e9e de Christelle Gauthier<\/li>\n<li>Classe de CP\/CE1: No\u00e9mie Favreau le lundi et le mardi et Maryl\u00e8ne Demey le jeudi et le vendredi (absente sur la photo)<\/li>\n<li>Classe de CE2\/CM1\/CM2: M\u00e9lina Gervais <\/li>\n<li>Direction : Magali Hervouet (d\u00e9charg\u00e9e le lundi et le mardi) <\/li>\n<\/ul>\n","protected":false},"excerpt":{"rendered":"<p>Classe de TPS\/PS\/MS\/GS: Ninon Postal assist\u00e9e de Christelle Gauthier Classe de CP\/CE1: No\u00e9mie Favreau le lundi et le mardi et Maryl\u00e8ne Demey le jeudi et le vendredi (absente sur la photo) Classe de CE2\/CM1\/CM2: M\u00e9lina Gervais Direction : Magali Hervouet (d\u00e9charg\u00e9e le lundi et le mardi)<\/p>\n","protected":false},"author":2,"featured_media":0,"parent":0,"menu_order":0,"comment_status":"closed","ping_status":"closed","template":"","meta":{"ngg_post_thumbnail":0,"footnotes":""},"class_list":["post-1804","page","type-page","status-publish","hentry"],"_links":{"self":[{"href":"https:\/\/ecole-stjoseph-fresnay.fr\/index.php?rest_route=\/wp\/v2\/pages\/1804","targetHints":{"allow":["GET"]}}],"collection":[{"href":"https:\/\/ecole-stjoseph-fresnay.fr\/index.php?rest_route=\/wp\/v2\/pages"}],"about":[{"href":"https:\/\/ecole-stjoseph-fresnay.fr\/index.php?rest_route=\/wp\/v2\/types\/page"}],"author":[{"embeddable":true,"href":"https:\/\/ecole-stjoseph-fresnay.fr\/index.php?rest_route=\/wp\/v2\/users\/2"}],"replies":[{"embeddable":true,"href":"https:\/\/ecole-stjoseph-fresnay.fr\/index.php?rest_route=%2Fwp%2Fv2%2Fcomments&post=1804"}],"version-history":[{"count":6,"href":"https:\/\/ecole-stjoseph-fresnay.fr\/index.php?rest_route=\/wp\/v2\/pages\/1804\/revisions"}],"predecessor-version":[{"id":1807,"href":"https:\/\/ecole-stjoseph-fresnay.fr\/index.php?rest_route=\/wp\/v2\/pages\/1804\/revisions\/1807"}],"wp:attachment":[{"href":"https:\/\/ecole-stjoseph-fresnay.fr\/index.php?rest_route=%2Fwp%2Fv2%2Fmedia&parent=1804"}],"curies":[{"name":"wp","href":"https:\/\/api.w.org\/{rel}","templated":true}]}}