{"id":172,"date":"2015-10-24T14:02:00","date_gmt":"2015-10-24T13:02:00","guid":{"rendered":"https:\/\/ecole-stjoseph-fresnay.fr\/?page_id=172"},"modified":"2025-01-31T16:57:04","modified_gmt":"2025-01-31T15:57:04","slug":"anglais","status":"publish","type":"page","link":"https:\/\/ecole-stjoseph-fresnay.fr\/?page_id=172","title":{"rendered":"Anglais"},"content":{"rendered":"<h4 style=\"text-align: left;\"><span style=\"color: #ff0000;\"><img loading=\"lazy\" decoding=\"async\" class=\"wp-image-192 aligncenter\" src=\"https:\/\/ecole-stjoseph-fresnay.fr\/wp-content\/uploads\/2015\/10\/english2-300x300.gif\" alt=\"english2\" width=\"104\" height=\"104\" srcset=\"https:\/\/ecole-stjoseph-fresnay.fr\/wp-content\/uploads\/2015\/10\/english2-300x300.gif 300w, https:\/\/ecole-stjoseph-fresnay.fr\/wp-content\/uploads\/2015\/10\/english2-150x150.gif 150w, https:\/\/ecole-stjoseph-fresnay.fr\/wp-content\/uploads\/2015\/10\/english2-320x320.gif 320w, https:\/\/ecole-stjoseph-fresnay.fr\/wp-content\/uploads\/2015\/10\/english2-240x240.gif 240w\" sizes=\"auto, (max-width: 104px) 100vw, 104px\" \/><\/span><\/h4>\n<h4 style=\"text-align: center;\"><span style=\"color: #000000;\">L&#8217;apprentissage d&#8217;une langue vivante \u00e9trang\u00e8re <\/span><span style=\"color: #ff0000;\"><span style=\"color: #000000;\">fait partie int\u00e9grante des programmes de l&#8217;\u00e9ducation nationale.<\/span><br \/>\n<\/span><\/h4>\n<h4 style=\"text-align: justify;\"><span style=\"color: #ff0000;\">L&#8217;\u00e9cole propose donc l&#8217;apprentissage de l&#8217;anglais d\u00e8s la maternelle. Cette initiation est pris en charge par les enseignants qui ont libre choix de la m\u00e9thode et des supports utilis\u00e9s, mais tous ont pour objectif de privil\u00e9gier l&#8217;aspect ludique de cet enseignement au travers de chants, de jeux, de dialogues&#8230;<\/span><\/h4>\n","protected":false},"excerpt":{"rendered":"<p>L&#8217;apprentissage d&#8217;une langue vivante \u00e9trang\u00e8re fait partie int\u00e9grante des programmes de l&#8217;\u00e9ducation nationale. L&#8217;\u00e9cole propose donc l&#8217;apprentissage de l&#8217;anglais d\u00e8s la maternelle. Cette initiation est pris en charge par les enseignants qui ont libre choix de la m\u00e9thode et des supports utilis\u00e9s, mais tous ont pour objectif de privil\u00e9gier l&#8217;aspect ludique de cet enseignement au&hellip; <br \/> <a class=\"read-more\" href=\"https:\/\/ecole-stjoseph-fresnay.fr\/?page_id=172\">Lire la suite<\/a><\/p>\n","protected":false},"author":2,"featured_media":0,"parent":0,"menu_order":0,"comment_status":"closed","ping_status":"closed","template":"","meta":{"ngg_post_thumbnail":0,"footnotes":""},"class_list":["post-172","page","type-page","status-publish","hentry"],"_links":{"self":[{"href":"https:\/\/ecole-stjoseph-fresnay.fr\/index.php?rest_route=\/wp\/v2\/pages\/172","targetHints":{"allow":["GET"]}}],"collection":[{"href":"https:\/\/ecole-stjoseph-fresnay.fr\/index.php?rest_route=\/wp\/v2\/pages"}],"about":[{"href":"https:\/\/ecole-stjoseph-fresnay.fr\/index.php?rest_route=\/wp\/v2\/types\/page"}],"author":[{"embeddable":true,"href":"https:\/\/ecole-stjoseph-fresnay.fr\/index.php?rest_route=\/wp\/v2\/users\/2"}],"replies":[{"embeddable":true,"href":"https:\/\/ecole-stjoseph-fresnay.fr\/index.php?rest_route=%2Fwp%2Fv2%2Fcomments&post=172"}],"version-history":[{"count":4,"href":"https:\/\/ecole-stjoseph-fresnay.fr\/index.php?rest_route=\/wp\/v2\/pages\/172\/revisions"}],"predecessor-version":[{"id":1987,"href":"https:\/\/ecole-stjoseph-fresnay.fr\/index.php?rest_route=\/wp\/v2\/pages\/172\/revisions\/1987"}],"wp:attachment":[{"href":"https:\/\/ecole-stjoseph-fresnay.fr\/index.php?rest_route=%2Fwp%2Fv2%2Fmedia&parent=172"}],"curies":[{"name":"wp","href":"https:\/\/api.w.org\/{rel}","templated":true}]}}