{"id":1700,"date":"2021-01-13T15:43:39","date_gmt":"2021-01-13T14:43:39","guid":{"rendered":"https:\/\/ecole-stjoseph-fresnay.fr\/?page_id=1700"},"modified":"2023-03-27T14:14:37","modified_gmt":"2023-03-27T13:14:37","slug":"appel-aux-dons","status":"publish","type":"page","link":"https:\/\/ecole-stjoseph-fresnay.fr\/?page_id=1700","title":{"rendered":"Appel aux dons"},"content":{"rendered":"<iframe src=\"\/\/docs.google.com\/viewer?url=https%3A%2F%2Fecole-stjoseph-fresnay.fr%2Fwp-content%2Fuploads%2F2021%2F01%2FPlaquette-appel-au-don-2020.pdf&hl=fr&embedded=true\" class=\"gde-frame\" style=\"width:100%; height:500px; border: none;\" scrolling=\"no\"><\/iframe>\n<p class=\"gde-text\"><a href=\"https:\/\/ecole-stjoseph-fresnay.fr\/wp-content\/uploads\/2021\/01\/Plaquette-appel-au-don-2020.pdf\" class=\"gde-link\">T\u00e9l\u00e9charger (PDF, 2.68Mo)<\/a><\/p>\n<p>Si vous souhaitez soutenir notre \u00e9cole dans la r\u00e9alisation de ses projets, n&#8217;h\u00e9sitez pas \u00e0 faire un don. Ce don doit passer par la Fondation de la Providence car elle seule est habilit\u00e9e \u00e0 \u00e9mettre l&#8217;attestation fiscale, mais il vous suffit de bien indiquer le nom et l&#8217;adresse de notre \u00e9tablissement pour que votre don soit directement envoy\u00e9 \u00e0 l&#8217;\u00e9cole.<\/p>\n<p>Pour cela il vous suffit d&#8217;imprimer ce fascicule ou venir en retirer un \u00e0 l&#8217;\u00e9cole. Toutes les indications se trouvent dessus. Si vous souhaitez avoir plus d&#8217;informations, n&#8217;h\u00e9sitez pas \u00e0 contacter l&#8217;OGEC ou la directrice.<\/p>\n<p>Merci pour votre soutien<\/p>\n<p>&nbsp;<\/p>\n","protected":false},"excerpt":{"rendered":"<p>Si vous souhaitez soutenir notre \u00e9cole dans la r\u00e9alisation de ses projets, n&#8217;h\u00e9sitez pas \u00e0 faire un don. Ce don doit passer par la Fondation de la Providence car elle seule est habilit\u00e9e \u00e0 \u00e9mettre l&#8217;attestation fiscale, mais il vous suffit de bien indiquer le nom et l&#8217;adresse de notre \u00e9tablissement pour que votre don&hellip; <br \/> <a class=\"read-more\" href=\"https:\/\/ecole-stjoseph-fresnay.fr\/?page_id=1700\">Lire la suite<\/a><\/p>\n","protected":false},"author":2,"featured_media":1803,"parent":0,"menu_order":0,"comment_status":"closed","ping_status":"closed","template":"","meta":{"ngg_post_thumbnail":0,"footnotes":""},"class_list":["post-1700","page","type-page","status-publish","has-post-thumbnail","hentry"],"_links":{"self":[{"href":"https:\/\/ecole-stjoseph-fresnay.fr\/index.php?rest_route=\/wp\/v2\/pages\/1700","targetHints":{"allow":["GET"]}}],"collection":[{"href":"https:\/\/ecole-stjoseph-fresnay.fr\/index.php?rest_route=\/wp\/v2\/pages"}],"about":[{"href":"https:\/\/ecole-stjoseph-fresnay.fr\/index.php?rest_route=\/wp\/v2\/types\/page"}],"author":[{"embeddable":true,"href":"https:\/\/ecole-stjoseph-fresnay.fr\/index.php?rest_route=\/wp\/v2\/users\/2"}],"replies":[{"embeddable":true,"href":"https:\/\/ecole-stjoseph-fresnay.fr\/index.php?rest_route=%2Fwp%2Fv2%2Fcomments&post=1700"}],"version-history":[{"count":2,"href":"https:\/\/ecole-stjoseph-fresnay.fr\/index.php?rest_route=\/wp\/v2\/pages\/1700\/revisions"}],"predecessor-version":[{"id":1705,"href":"https:\/\/ecole-stjoseph-fresnay.fr\/index.php?rest_route=\/wp\/v2\/pages\/1700\/revisions\/1705"}],"wp:featuredmedia":[{"embeddable":true,"href":"https:\/\/ecole-stjoseph-fresnay.fr\/index.php?rest_route=\/wp\/v2\/media\/1803"}],"wp:attachment":[{"href":"https:\/\/ecole-stjoseph-fresnay.fr\/index.php?rest_route=%2Fwp%2Fv2%2Fmedia&parent=1700"}],"curies":[{"name":"wp","href":"https:\/\/api.w.org\/{rel}","templated":true}]}}