{"id":156,"date":"2015-10-24T11:17:27","date_gmt":"2015-10-24T10:17:27","guid":{"rendered":"https:\/\/ecole-stjoseph-fresnay.fr\/?page_id=156"},"modified":"2024-02-24T10:19:19","modified_gmt":"2024-02-24T09:19:19","slug":"restaurant-scolaire","status":"publish","type":"page","link":"https:\/\/ecole-stjoseph-fresnay.fr\/?page_id=156","title":{"rendered":"Restaurant scolaire"},"content":{"rendered":"<h4><span style=\"color: #993300;\">Un service de restauration scolaire municipale est propos\u00e9 aux \u00e9l\u00e8ves de l&#8217;\u00e9cole.<\/span><\/h4>\n<h4><span style=\"color: #993300;\">Les \u00e9l\u00e8ves d\u00e9jeunent dans un b\u00e2timent ext\u00e9rieur \u00e0 l&#8217;\u00e9cole destin\u00e9 uniquement \u00e0 la restauration. Le trajet, encadr\u00e9 par des employ\u00e9s municipaux, s&#8217;effectue \u00e0 pied (entre 5 et 10 minutes).<\/span><\/h4>\n<h4><span style=\"color: #993300;\">Votre enfant peut y manger r\u00e9guli\u00e8rement ou occasionnellement, pour cela vous devez l&#8217;inscrire en mairie via le service de la restauration scolaire. nadine.amiant@villeneuvenretz.fr<br \/>\nVous pouvez \u00e9galement consulter les menus sur le site de la mairie ou au panneau d&#8217;affichage de l&#8217;\u00e9cole.<\/span><\/h4>\n<p style=\"text-align: center;\"><a href=\"https:\/\/ecole-stjoseph-fresnay.fr\/wp-content\/uploads\/2017\/11\/cantine.jpg\"><img loading=\"lazy\" decoding=\"async\" class=\"alignnone wp-image-731\" src=\"https:\/\/ecole-stjoseph-fresnay.fr\/wp-content\/uploads\/2017\/11\/cantine-300x143.jpg\" alt=\"\" width=\"386\" height=\"184\" srcset=\"https:\/\/ecole-stjoseph-fresnay.fr\/wp-content\/uploads\/2017\/11\/cantine-300x143.jpg 300w, https:\/\/ecole-stjoseph-fresnay.fr\/wp-content\/uploads\/2017\/11\/cantine.jpg 503w\" sizes=\"auto, (max-width: 386px) 100vw, 386px\" \/><\/a><\/p>\n<p>&nbsp;<\/p>\n","protected":false},"excerpt":{"rendered":"<p>Un service de restauration scolaire municipale est propos\u00e9 aux \u00e9l\u00e8ves de l&#8217;\u00e9cole. Les \u00e9l\u00e8ves d\u00e9jeunent dans un b\u00e2timent ext\u00e9rieur \u00e0 l&#8217;\u00e9cole destin\u00e9 uniquement \u00e0 la restauration. Le trajet, encadr\u00e9 par des employ\u00e9s municipaux, s&#8217;effectue \u00e0 pied (entre 5 et 10 minutes). Votre enfant peut y manger r\u00e9guli\u00e8rement ou occasionnellement, pour cela vous devez l&#8217;inscrire en&hellip; <br \/> <a class=\"read-more\" href=\"https:\/\/ecole-stjoseph-fresnay.fr\/?page_id=156\">Lire la suite<\/a><\/p>\n","protected":false},"author":2,"featured_media":0,"parent":0,"menu_order":0,"comment_status":"closed","ping_status":"closed","template":"","meta":{"ngg_post_thumbnail":0,"footnotes":""},"class_list":["post-156","page","type-page","status-publish","hentry"],"_links":{"self":[{"href":"https:\/\/ecole-stjoseph-fresnay.fr\/index.php?rest_route=\/wp\/v2\/pages\/156","targetHints":{"allow":["GET"]}}],"collection":[{"href":"https:\/\/ecole-stjoseph-fresnay.fr\/index.php?rest_route=\/wp\/v2\/pages"}],"about":[{"href":"https:\/\/ecole-stjoseph-fresnay.fr\/index.php?rest_route=\/wp\/v2\/types\/page"}],"author":[{"embeddable":true,"href":"https:\/\/ecole-stjoseph-fresnay.fr\/index.php?rest_route=\/wp\/v2\/users\/2"}],"replies":[{"embeddable":true,"href":"https:\/\/ecole-stjoseph-fresnay.fr\/index.php?rest_route=%2Fwp%2Fv2%2Fcomments&post=156"}],"version-history":[{"count":18,"href":"https:\/\/ecole-stjoseph-fresnay.fr\/index.php?rest_route=\/wp\/v2\/pages\/156\/revisions"}],"predecessor-version":[{"id":1950,"href":"https:\/\/ecole-stjoseph-fresnay.fr\/index.php?rest_route=\/wp\/v2\/pages\/156\/revisions\/1950"}],"wp:attachment":[{"href":"https:\/\/ecole-stjoseph-fresnay.fr\/index.php?rest_route=%2Fwp%2Fv2%2Fmedia&parent=156"}],"curies":[{"name":"wp","href":"https:\/\/api.w.org\/{rel}","templated":true}]}}