{"id":1009,"date":"2018-05-25T15:17:53","date_gmt":"2018-05-25T14:17:53","guid":{"rendered":"https:\/\/ecole-stjoseph-fresnay.fr\/?page_id=1009"},"modified":"2018-05-25T15:17:53","modified_gmt":"2018-05-25T14:17:53","slug":"ateliers-cuisine","status":"publish","type":"page","link":"https:\/\/ecole-stjoseph-fresnay.fr\/?page_id=1009","title":{"rendered":"Ateliers cuisine"},"content":{"rendered":"ngg_shortcode_0_placeholder\n<p>Le vendredi 25 mai, tous les \u00e9l\u00e8ves ont particip\u00e9 avec plaisir aux ateliers cuisine. Dans chaque classe, des recettes diff\u00e9rentes \u00e9taient propos\u00e9es pour pr\u00e9parer le buffet qui sera offert aux parents le soir m\u00eame pendant la f\u00eate du projet.<\/p>\n<p>Les gourmands ont difficilement r\u00e9sist\u00e9 \u00e0 go\u00fbter leur pr\u00e9paration, mais ils ont quand m\u00eame pu se r\u00e9galer de petits restes!!!<\/p>\n<p>Merci \u00e0 tous les parents qui ont particip\u00e9 \u00e0 ces ateliers cuisine tant appr\u00e9ci\u00e9s des \u00e9l\u00e8ves.<\/p>\n","protected":false},"excerpt":{"rendered":"<p>&#8221; order_by=&#8221;sortorder&#8221; order_direction=&#8221;ASC&#8221; returns=&#8221;included&#8221; maximum_entity_count=&#8221;500&#8243;] Le vendredi 25 mai, tous les \u00e9l\u00e8ves ont particip\u00e9 avec plaisir aux ateliers cuisine. Dans chaque classe, des recettes diff\u00e9rentes \u00e9taient propos\u00e9es pour pr\u00e9parer le buffet qui sera offert aux parents le soir m\u00eame pendant la f\u00eate du projet. Les gourmands ont difficilement r\u00e9sist\u00e9 \u00e0 go\u00fbter leur pr\u00e9paration, mais ils&hellip; <br \/> <a class=\"read-more\" href=\"https:\/\/ecole-stjoseph-fresnay.fr\/?page_id=1009\">Lire la suite<\/a><\/p>\n","protected":false},"author":2,"featured_media":0,"parent":0,"menu_order":0,"comment_status":"closed","ping_status":"closed","template":"","meta":{"ngg_post_thumbnail":0,"footnotes":""},"class_list":["post-1009","page","type-page","status-publish","hentry"],"_links":{"self":[{"href":"https:\/\/ecole-stjoseph-fresnay.fr\/index.php?rest_route=\/wp\/v2\/pages\/1009","targetHints":{"allow":["GET"]}}],"collection":[{"href":"https:\/\/ecole-stjoseph-fresnay.fr\/index.php?rest_route=\/wp\/v2\/pages"}],"about":[{"href":"https:\/\/ecole-stjoseph-fresnay.fr\/index.php?rest_route=\/wp\/v2\/types\/page"}],"author":[{"embeddable":true,"href":"https:\/\/ecole-stjoseph-fresnay.fr\/index.php?rest_route=\/wp\/v2\/users\/2"}],"replies":[{"embeddable":true,"href":"https:\/\/ecole-stjoseph-fresnay.fr\/index.php?rest_route=%2Fwp%2Fv2%2Fcomments&post=1009"}],"version-history":[{"count":1,"href":"https:\/\/ecole-stjoseph-fresnay.fr\/index.php?rest_route=\/wp\/v2\/pages\/1009\/revisions"}],"predecessor-version":[{"id":1011,"href":"https:\/\/ecole-stjoseph-fresnay.fr\/index.php?rest_route=\/wp\/v2\/pages\/1009\/revisions\/1011"}],"wp:attachment":[{"href":"https:\/\/ecole-stjoseph-fresnay.fr\/index.php?rest_route=%2Fwp%2Fv2%2Fmedia&parent=1009"}],"curies":[{"name":"wp","href":"https:\/\/api.w.org\/{rel}","templated":true}]}}